{"id":398100,"date":"2025-07-11T11:12:28","date_gmt":"2025-07-11T09:12:28","guid":{"rendered":"https:\/\/www.etxalar.eus\/registrate-en-clve\/"},"modified":"2026-04-16T11:05:16","modified_gmt":"2026-04-16T09:05:16","slug":"registrate-en-clve","status":"publish","type":"page","link":"https:\/\/www.etxalar.eus\/es\/registrate-en-clve\/","title":{"rendered":"Reg\u00edstrate en Cl@ve"},"content":{"rendered":"<p>[et_pb_section fb_built=\u00bb1&#8243; _builder_version=\u00bb4.27.4&#8243; _module_preset=\u00bbdefault\u00bb global_colors_info=\u00bb{}\u00bb][et_pb_row column_structure=\u00bb2_3,1_3&#8243; _builder_version=\u00bb4.27.4&#8243; _module_preset=\u00bbdefault\u00bb global_colors_info=\u00bb{}\u00bb][et_pb_column type=\u00bb2_3&#8243; _builder_version=\u00bb4.27.4&#8243; _module_preset=\u00bbdefault\u00bb global_colors_info=\u00bb{}\u00bb][et_pb_text _builder_version=\u00bb4.27.4&#8243; _module_preset=\u00bbdefault\u00bb global_colors_info=\u00bb{}\u00bb]<\/p>\n<p><span style=\"font-size: xx-large;\"><strong>Registrarse en Cl@ve y tramitarlo electr\u00f3nicamente con el Ayuntamiento y el resto de Administraciones P\u00fablicas<\/strong><\/span><\/p>\n<p><span style=\"font-size: large;\"><strong>P\u00e1sate por la oficina del Ayuntamiento de Etxalar y obtendr\u00e1s tu Cl@ve PERMANENTE<\/strong><\/span> <\/p>\n<p>&nbsp;<\/p>\n<p><strong>Cl@ve PERMANENTE<\/strong><\/p>\n<p>En el Ayuntamiento de Etxalar hay una oficina que est\u00e1 abierta los 365 d\u00edas del a\u00f1o y las 24 horas, es una oficina digital a la que puedes acceder desde tu casa o desde cualquier otro lugar sin espera. Est\u00e1 disponible desde la <a href=\"https:\/\/www.etxalar.eus\/es\/sede-electronica\/\"><strong>sede electr\u00f3nica<\/strong> <\/a>y te permite presentar las solicitudes sin necesidad de personarte en la Casa del Pueblo.<\/p>\n<p>Para tener las m\u00e1ximas condiciones de seguridad para acceder a esta oficina y a todo su cat\u00e1logo, necesitas un certificado digital v\u00e1lido o estar registrado en la plataforma Cl@ve para garantizar tu identidad.<\/p>\n<p>Podr\u00e1s realizar gestiones y servicios electr\u00f3nicos relacionados con diferentes \u00e1mbitos de la administraci\u00f3n p\u00fablica, por ejemplo, presentar o consultar la declaraci\u00f3n de la renta, obtener el informe de vida laboral de la seguridad social, consultar los datos existentes en la direcci\u00f3n de tr\u00e1fico, etc.<\/p>\n<p>Cl@ve es un sistema orientado a unificar y simplificar el acceso electr\u00f3nico de los ciudadanos a los servicios p\u00fablicos. Su objetivo principal es que la ciudadan\u00eda pueda identificarse ante la Administraci\u00f3n a trav\u00e9s de claves concertadas (usuario m\u00e1s contrase\u00f1a), sin tener que recordar las diferentes claves de acceso a los servicios. <\/p>\n<p>Este sistema es una plataforma de verificaci\u00f3n de identidades electr\u00f3nicas, es decir, te permite identificarte ante las administraciones p\u00fablicas con total garant\u00eda de seguridad.<\/p>\n<p>Para ello debes registrarte y puedes hacerlo de la siguiente manera:<\/p>\n<p><strong>\u2013 Personado<\/strong> <strong>en la oficina del Ayuntamiento de Etxalar, <\/strong>podr\u00e1 realizar el tr\u00e1mite de forma c\u00f3moda y r\u00e1pida. Para registrarte solo tendr\u00e1s que presentar tu documento de identidad v\u00e1lido. <\/p>\n<p>[\/et_pb_text][\/et_pb_column][et_pb_column type=\u00bb1_3&#8243; _builder_version=\u00bb4.27.4&#8243; _module_preset=\u00bbdefault\u00bb global_colors_info=\u00bb{}\u00bb][et_pb_image src=\u00bbhttps:\/\/www.etxalar.eus\/wp-content\/uploads\/2025\/07\/Logo_cl@ve-copia-1-scaled.jpg\u00bb alt=\u00bbLogo clave\u00bb title_text=\u00bbLogo clave\u00bb align=\u00bbcenter\u00bb _builder_version=\u00bb4.27.4&#8243; _module_preset=\u00bbdefault\u00bb global_colors_info=\u00bb{}\u00bb][\/et_pb_image][et_pb_image src=\u00bbhttps:\/\/www.etxalar.eus\/wp-content\/uploads\/2025\/07\/online-gestioak-irudia-web.jpg\u00bb alt=\u00bbonline gestioak\u00bb title_text=\u00bbonline gestioak\u00bb align=\u00bbcenter\u00bb _builder_version=\u00bb4.27.4&#8243; _module_preset=\u00bbdefault\u00bb custom_margin=\u00bb75px||||false|false\u00bb global_colors_info=\u00bb{}\u00bb][\/et_pb_image][\/et_pb_column][\/et_pb_row][\/et_pb_section]<\/p>\n","protected":false},"excerpt":{"rendered":"<p>Registrarse en Cl@ve y tramitarlo electr\u00f3nicamente con el Ayuntamiento y el resto de Administraciones P\u00fablicas P\u00e1sate por la oficina del Ayuntamiento de Etxalar y obtendr\u00e1s tu Cl@ve PERMANENTE &nbsp; Cl@ve [&hellip;]<\/p>\n","protected":false},"author":9,"featured_media":0,"parent":0,"menu_order":0,"comment_status":"closed","ping_status":"closed","template":"","meta":{"_et_pb_use_builder":"on","_et_pb_old_content":"","_et_gb_content_width":"","footnotes":""},"class_list":["post-398100","page","type-page","status-publish","hentry"],"_links":{"self":[{"href":"https:\/\/www.etxalar.eus\/es\/wp-json\/wp\/v2\/pages\/398100","targetHints":{"allow":["GET"]}}],"collection":[{"href":"https:\/\/www.etxalar.eus\/es\/wp-json\/wp\/v2\/pages"}],"about":[{"href":"https:\/\/www.etxalar.eus\/es\/wp-json\/wp\/v2\/types\/page"}],"author":[{"embeddable":true,"href":"https:\/\/www.etxalar.eus\/es\/wp-json\/wp\/v2\/users\/9"}],"replies":[{"embeddable":true,"href":"https:\/\/www.etxalar.eus\/es\/wp-json\/wp\/v2\/comments?post=398100"}],"version-history":[{"count":4,"href":"https:\/\/www.etxalar.eus\/es\/wp-json\/wp\/v2\/pages\/398100\/revisions"}],"predecessor-version":[{"id":399757,"href":"https:\/\/www.etxalar.eus\/es\/wp-json\/wp\/v2\/pages\/398100\/revisions\/399757"}],"wp:attachment":[{"href":"https:\/\/www.etxalar.eus\/es\/wp-json\/wp\/v2\/media?parent=398100"}],"curies":[{"name":"wp","href":"https:\/\/api.w.org\/{rel}","templated":true}]}}