{"id":264966,"date":"2025-03-28T10:09:14","date_gmt":"2025-03-28T09:09:14","guid":{"rendered":"https:\/\/www.etxalar.eus\/sede-electronica\/"},"modified":"2025-04-01T13:50:09","modified_gmt":"2025-04-01T11:50:09","slug":"sede-electronica","status":"publish","type":"page","link":"https:\/\/www.etxalar.eus\/es\/sede-electronica\/","title":{"rendered":"Sede electr\u00f3nica"},"content":{"rendered":"<p>[et_pb_section fb_built=\u00bb1&#8243; next_background_color=\u00bb#ffffff\u00bb admin_label=\u00bbAzken berriak\u00bb _builder_version=\u00bb4.27.4&#8243; _module_preset=\u00bbdefault\u00bb background_color=\u00bbgcid-secondary-color\u00bb bottom_divider_style=\u00bbtriangle\u00bb bottom_divider_height=\u00bb38px\u00bb bottom_divider_flip=\u00bbvertical\u00bb border_color_bottom=\u00bbgcid-heading-color\u00bb locked=\u00bboff\u00bb global_colors_info=\u00bb{%22gcid-heading-color%22:%91%22border_color_bottom%22%93,%22gcid-secondary-color%22:%91%22background_color%22,%22background_color%22%93}\u00bb][et_pb_row _builder_version=\u00bb4.27.4&#8243; _module_preset=\u00bbdefault\u00bb global_colors_info=\u00bb{}\u00bb][et_pb_column type=\u00bb4_4&#8243; _builder_version=\u00bb4.27.4&#8243; _module_preset=\u00bbdefault\u00bb global_colors_info=\u00bb{}\u00bb][et_pb_text _builder_version=\u00bb4.27.4&#8243; _module_preset=\u00bbdefault\u00bb header_text_color=\u00bb#FFFFFF\u00bb global_colors_info=\u00bb{}\u00bb]<\/p>\n<h1>Sede electr\u00f3nica<\/h1>\n<p>[\/et_pb_text][\/et_pb_column][\/et_pb_row][\/et_pb_section][et_pb_section fb_built=\u00bb1&#8243; _builder_version=\u00bb4.27.4&#8243; _module_preset=\u00bbdefault\u00bb global_colors_info=\u00bb{}\u00bb][et_pb_row column_structure=\u00bb1_2,1_2&#8243; _builder_version=\u00bb4.27.4&#8243; _module_preset=\u00bbdefault\u00bb global_colors_info=\u00bb{}\u00bb][et_pb_column type=\u00bb1_2&#8243; _builder_version=\u00bb4.27.4&#8243; _module_preset=\u00bbdefault\u00bb global_colors_info=\u00bb{}\u00bb][et_pb_blurb title=\u00bbEntrar en la Sede electr\u00f3nica\u00bb url=\u00bbhttps:\/\/egoitzaelektronikoa.etxalar.eus\/default.aspx\u00bb url_new_window=\u00bbon\u00bb image=\u00bbhttps:\/\/www.etxalar.eus\/wp-content\/uploads\/2025\/02\/Egoitza-elektronikoa.png\u00bb image_icon_width=\u00bb47%\u00bb _builder_version=\u00bb4.27.4&#8243; _module_preset=\u00bbdefault\u00bb header_text_align=\u00bbcenter\u00bb header_font_size=\u00bb20px\u00bb custom_padding=\u00bb||40px||false|false\u00bb link_option_url=\u00bbhttps:\/\/egoitzaelektronikoa.etxalar.eus\/default.aspx\u00bb link_option_url_new_window=\u00bbon\u00bb border_width_all=\u00bb2px\u00bb global_colors_info=\u00bb{}\u00bb][\/et_pb_blurb][\/et_pb_column][et_pb_column type=\u00bb1_2&#8243; _builder_version=\u00bb4.27.4&#8243; _module_preset=\u00bbdefault\u00bb global_colors_info=\u00bb{}\u00bb][et_pb_text _builder_version=\u00bb4.27.4&#8243; _module_preset=\u00bbdefault\u00bb text_font=\u00bb&#8211;et_global_heading_font||||||||\u00bb custom_padding=\u00bb50px||||false|false\u00bb global_colors_info=\u00bb{}\u00bb]<\/p>\n<ul>\n<li>Registro Electr\u00f3nico \/ Presentaci\u00f3n de Instancia General<\/li>\n<li>Facturaci\u00f3n de proveedores<\/li>\n<li>Consultar registros realizados como parte interesada<\/li>\n<li>Consultar registros realizados como representante<\/li>\n<li>Consulta de expedientes como parte interesada<\/li>\n<li>Consulta de archivos como representante<\/li>\n<li>Sistema de notificaci\u00f3n electr\u00f3nica<\/li>\n<li>Comprobaci\u00f3n\/descarga de notificaciones<\/li>\n<li>Portal de Contrataci\u00f3n de Navarra<\/li>\n<\/ul>\n<p>[\/et_pb_text][\/et_pb_column][\/et_pb_row][et_pb_row column_structure=\u00bb1_2,1_2&#8243; _builder_version=\u00bb4.27.4&#8243; _module_preset=\u00bbdefault\u00bb border_width_top=\u00bb1px\u00bb border_color_top=\u00bbgcid-primary-color\u00bb global_colors_info=\u00bb{%22gcid-primary-color%22:%91%22border_color_top%22%93}\u00bb][et_pb_column type=\u00bb1_2&#8243; _builder_version=\u00bb4.27.4&#8243; _module_preset=\u00bbdefault\u00bb global_colors_info=\u00bb{}\u00bb][et_pb_text _builder_version=\u00bb4.27.4&#8243; _module_preset=\u00bbdefault\u00bb global_colors_info=\u00bb{}\u00bb]<\/p>\n<h4 class=\"panel-titulo\">Transparencia<\/h4>\n<div class=\"panel-contenido\">\n<div class=\"centrado\"><\/div>\n<p class=\"texto_transparencia\">El portal de transparencia ofrece informaci\u00f3n acerca de la actividad p\u00fablica institucional y permite ejercer el derecho de acceso a dicha informaci\u00f3n por parte de ciudadanos y empresas, todo ello en cumplimiento de la normativa vigente en esta materia.<\/p>\n<\/div>\n<p>[\/et_pb_text][\/et_pb_column][et_pb_column type=\u00bb1_2&#8243; _builder_version=\u00bb4.27.4&#8243; _module_preset=\u00bbdefault\u00bb global_colors_info=\u00bb{}\u00bb][et_pb_text _builder_version=\u00bb4.27.4&#8243; _module_preset=\u00bbdefault\u00bb global_colors_info=\u00bb{}\u00bb]<\/p>\n<h4 class=\"panel-titulo font07em\">Certificados digitales admitidos<\/h4>\n<div class=\"panel-contenido\">\n<p>Se admiten los correspondientes a personas f\u00edsicas, empleados p\u00fablicos y representantes, emitidos por los prestadores de servicios electr\u00f3nicos de confianza cualificados seg\u00fan el <a class=\"color333important\" href=\"https:\/\/sedeaplicaciones.minetur.gob.es\/Prestadores\/Inicio.aspx\" target=\"_blank\" title=\"Navegaci\u00f3n hacia la lista de prestadores de servicios electr\u00f3nicos cualificados de confianza\" rel=\"noopener\">Ministerio para la Transformaci\u00f3n Digital y de la Funci\u00f3n P\u00fablica<\/a>, entre los que se encuentran CERES-FNMT, DNI-e, ACCV, Camerfirma y Firmaprofesional.<\/p>\n<\/div>\n<p>[\/et_pb_text][\/et_pb_column][\/et_pb_row][\/et_pb_section]<\/p>\n","protected":false},"excerpt":{"rendered":"<p>Sede electr\u00f3nica Registro Electr\u00f3nico \/ Presentaci\u00f3n de Instancia General Facturaci\u00f3n de proveedores Consultar registros realizados como parte interesada Consultar registros realizados como representante Consulta de expedientes como parte interesada Consulta [&hellip;]<\/p>\n","protected":false},"author":9,"featured_media":0,"parent":0,"menu_order":0,"comment_status":"closed","ping_status":"closed","template":"","meta":{"_et_pb_use_builder":"on","_et_pb_old_content":"","_et_gb_content_width":"","footnotes":""},"class_list":["post-264966","page","type-page","status-publish","hentry"],"_links":{"self":[{"href":"https:\/\/www.etxalar.eus\/es\/wp-json\/wp\/v2\/pages\/264966","targetHints":{"allow":["GET"]}}],"collection":[{"href":"https:\/\/www.etxalar.eus\/es\/wp-json\/wp\/v2\/pages"}],"about":[{"href":"https:\/\/www.etxalar.eus\/es\/wp-json\/wp\/v2\/types\/page"}],"author":[{"embeddable":true,"href":"https:\/\/www.etxalar.eus\/es\/wp-json\/wp\/v2\/users\/9"}],"replies":[{"embeddable":true,"href":"https:\/\/www.etxalar.eus\/es\/wp-json\/wp\/v2\/comments?post=264966"}],"version-history":[{"count":12,"href":"https:\/\/www.etxalar.eus\/es\/wp-json\/wp\/v2\/pages\/264966\/revisions"}],"predecessor-version":[{"id":265223,"href":"https:\/\/www.etxalar.eus\/es\/wp-json\/wp\/v2\/pages\/264966\/revisions\/265223"}],"wp:attachment":[{"href":"https:\/\/www.etxalar.eus\/es\/wp-json\/wp\/v2\/media?parent=264966"}],"curies":[{"name":"wp","href":"https:\/\/api.w.org\/{rel}","templated":true}]}}