{"id":264756,"date":"2025-03-27T08:41:57","date_gmt":"2025-03-27T07:41:57","guid":{"rendered":"https:\/\/www.etxalar.eus\/politica-de-cookies-2\/"},"modified":"2025-04-02T08:31:49","modified_gmt":"2025-04-02T06:31:49","slug":"politica-de-cookies-2","status":"publish","type":"page","link":"https:\/\/www.etxalar.eus\/es\/politica-de-cookies-2\/","title":{"rendered":"Pol\u00edtica de Cookies"},"content":{"rendered":"<p>[et_pb_section fb_built=\u00bb1&#8243; next_background_color=\u00bb#ffffff\u00bb admin_label=\u00bbAzken berriak\u00bb _builder_version=\u00bb4.27.4&#8243; _module_preset=\u00bbdefault\u00bb background_color=\u00bbgcid-secondary-color\u00bb bottom_divider_style=\u00bbtriangle\u00bb bottom_divider_height=\u00bb38px\u00bb bottom_divider_flip=\u00bbvertical\u00bb border_color_bottom=\u00bbgcid-heading-color\u00bb locked=\u00bboff\u00bb global_colors_info=\u00bb{%22gcid-heading-color%22:%91%22border_color_bottom%22%93,%22gcid-secondary-color%22:%91%22background_color%22,%22background_color%22%93}\u00bb][et_pb_row _builder_version=\u00bb4.27.4&#8243; _module_preset=\u00bbdefault\u00bb global_colors_info=\u00bb{}\u00bb][et_pb_column type=\u00bb4_4&#8243; _builder_version=\u00bb4.27.4&#8243; _module_preset=\u00bbdefault\u00bb global_colors_info=\u00bb{}\u00bb][et_pb_text _builder_version=\u00bb4.27.4&#8243; _module_preset=\u00bbdefault\u00bb header_text_color=\u00bb#FFFFFF\u00bb global_colors_info=\u00bb{}\u00bb]<\/p>\n<h1>Pol\u00edtica de Cookies<\/h1>\n<p>[\/et_pb_text][\/et_pb_column][\/et_pb_row][\/et_pb_section][et_pb_section fb_built=\u00bb1&#8243; _builder_version=\u00bb4.27.4&#8243; _module_preset=\u00bbdefault\u00bb global_colors_info=\u00bb{}\u00bb][et_pb_row _builder_version=\u00bb4.27.4&#8243; _module_preset=\u00bbdefault\u00bb global_colors_info=\u00bb{}\u00bb][et_pb_column type=\u00bb4_4&#8243; _builder_version=\u00bb4.27.4&#8243; _module_preset=\u00bbdefault\u00bb global_colors_info=\u00bb{}\u00bb][et_pb_text _builder_version=\u00bb4.27.4&#8243; _module_preset=\u00bbdefault\u00bb global_colors_info=\u00bb{}\u00bb]<\/p>\n<p>El Ayuntamiento de Etxalar no utiliza cookies para recoger informaci\u00f3n de los usuarios. \u00danicamente se utilizan cookies propias y de terceros con finalidad t\u00e9cnica para permitir navegaci\u00f3n a trav\u00e9s del sitio web y la utilizaci\u00f3n de las diferentes opciones y servicios que en ella existen. <\/p>\n<p>El sitio web del que es titular el Ayuntamiento de Etxalar contiene enlaces a sitios web de terceros, cuyas pol\u00edticas de privacidad son ajenas a la del Ayuntamiento de Etxalar. Al acceder a tales sitios web usted puede decidir si acepta sus pol\u00edticas de privacidad y de cookies. Con car\u00e1cter general, si navega por internet usted puede aceptar o rechazar las cookies de terceros desde las opciones de configuraci\u00f3n de su navegador.  <\/p>\n<p>[\/et_pb_text][\/et_pb_column][\/et_pb_row][et_pb_row _builder_version=\u00bb4.27.4&#8243; _module_preset=\u00bbdefault\u00bb global_colors_info=\u00bb{}\u00bb][et_pb_column type=\u00bb4_4&#8243; _builder_version=\u00bb4.27.4&#8243; _module_preset=\u00bbdefault\u00bb global_colors_info=\u00bb{}\u00bb][et_pb_text _builder_version=\u00bb4.27.4&#8243; _module_preset=\u00bbdefault\u00bb header_text_color=\u00bb#FFFFFF\u00bb header_4_text_color=\u00bb#FFFFFF\u00bb background_color=\u00bbgcid-primary-color\u00bb custom_padding=\u00bb10px|||10px|false|false\u00bb global_colors_info=\u00bb{%22gcid-primary-color%22:%91%22background_color%22%93}\u00bb]<\/p>\n<h4>RENDIMIENTO<\/h4>\n<p>[\/et_pb_text][\/et_pb_column][\/et_pb_row][et_pb_row _builder_version=\u00bb4.27.4&#8243; _module_preset=\u00bbdefault\u00bb][et_pb_column _builder_version=\u00bb4.27.4&#8243; _module_preset=\u00bbdefault\u00bb type=\u00bb4_4&#8243;][et_pb_text _builder_version=\u00bb4.27.4&#8243; _module_preset=\u00bbdefault\u00bb hover_enabled=\u00bb0&#8243; sticky_enabled=\u00bb0&#8243;]<\/p>\n<div>\n<table class=\"_CookieScriptReportPageTable\">\n<thead>\n<tr>\n<th class=\"_CookieScriptReportPageTableTh\" data-csr-i18n-text=\"{\"es\":\"Nombre\"}\">Nombre<\/th>\n<th class=\"_CookieScriptReportPageTableTh\" data-csr-i18n-text=\"{\"es\":\"Dominio\"}\">Dominio<\/th>\n<th class=\"_CookieScriptReportPageTableTh\" data-csr-i18n-text=\"{\"es\":\"Vencimiento\"}\">Caducidad<\/th>\n<th class=\"_CookieScriptReportPageTableTh\" data-csr-i18n-text=\"{\"es\":\"Descripci\\u00f3n\"}\">Descripci\u00f3n<\/th>\n<\/tr>\n<\/thead>\n<tbody>\n<tr>\n<td class=\"_CookieScriptReportPageTableTd\">__utmc<\/td>\n<td class=\"_CookieScriptReportPageTableTd\">.lehenhitza.eus<\/td>\n<td class=\"_CookieScriptReportPageTableTd\" data-csr-i18n-text=\"{\"bg\":\"Session\",\"hr\":\"Session\",\"cs\":\"Session\",\"da\":\"Session\",\"nl\":\"Session\",\"et\":\"Session\",\"fi\":\"Session\",\"fr\":\"Session\",\"de\":\"Session\",\"el\":\"Session\",\"hu\":\"Session\",\"ga\":\"Session\",\"it\":\"Session\",\"lv\":\"Session\",\"lt\":\"Session\",\"ru\":\"Session\",\"mt\":\"Session\",\"pl\":\"Session\",\"pt\":\"Session\",\"ro\":\"Session\",\"sk\":\"Session\",\"sl\":\"Session\",\"es\":\"Session\",\"sv\":\"Session\",\"en\":\"Session\"}\">Sesi\u00f3n<\/td>\n<td class=\"_CookieScriptReportPageTableTd\" data-csr-i18n-text=\"{\"es\":\"Esta es una de las cuatro cookies principales establecidas por el servicio Google Analytics que permite a los propietarios de sitios web rastrear el comportamiento de los visitantes y medir el rendimiento del sitio. No se utiliza en la mayor\\u00eda de los sitios, pero est\\u00e1 configurado para permitir la interoperabilidad con la versi\\u00f3n anterior del c\\u00f3digo de Google Analytics conocida como Urchin. En estas versiones anteriores, esto se us\\u00f3 en combinaci\\u00f3n con la cookie __utmb para identificar nuevas sesiones \\\/ visitas para los visitantes que regresan. Cuando la usa Google Analytics, esta es siempre una cookie de sesi\\u00f3n que se destruye cuando el usuario cierra su navegador. Por lo tanto, cuando se considera una cookie persistente, es probable que se trate de una tecnolog\\u00eda diferente que configura la cookie.\"}\">Google Analytics es una de las cuatro cookies principales que establece el servicio y que permite a los propietarios de sitios web realizar un seguimiento del comportamiento de los visitantes y medir el rendimiento del sitio web. No se utiliza en la mayor\u00eda de los sitios web, pero est\u00e1 establecido para permitir la interoperabilidad con una versi\u00f3n m\u00e1s antigua de Google Analytics, conocida como Urchin. En estas versiones anteriores se utiliz\u00f3 junto con la cookie __utmb para identificar nuevas sesiones\/visitas de los visitantes que regresaban. Cuando se utiliza Google analytics, es siempre una cookie de sesi\u00f3n que se destruye cuando el usuario cierra el navegador. Cuando se ve como una cookie persistente, por lo tanto, es posible que tenga otra tecnolog\u00eda que la establezca.    <\/td>\n<\/tr>\n<tr>\n<td class=\"_CookieScriptReportPageTableTd\">__utmt<\/td>\n<td class=\"_CookieScriptReportPageTableTd\">.lehenhitza.eus<\/td>\n<td class=\"_CookieScriptReportPageTableTd\" data-csr-i18n-text=\"{\"bg\":\"10 \\u043c\\u0438\\u043d\\u0443\\u0442\\u0438\",\"hr\":\"10 minuta\",\"cs\":\"10 minut\",\"da\":\"10 minutter\",\"nl\":\"10 minuten\",\"et\":\"10 minutit\",\"fi\":\"10 minuuttia\",\"fr\":\"10 minutes\",\"de\":\"10 Minuten\",\"el\":\"10 \\u03bb\\u03b5\\u03c0\\u03c4\\u03ac\",\"hu\":\"10 perc\",\"ga\":\"10 n\\u00f3im\\u00e9ad\",\"it\":\"10 minuti\",\"lv\":\"10 min\\u016bt\\u0113m\",\"lt\":\"10 minut\\u0119\",\"ru\":\"10 \\u043c\\u0438\\u043d\\u0443\\u0442\",\"mt\":\"10 minuti\",\"pl\":\"10 minut\",\"pt\":\"10 minutos\",\"ro\":\"10 minute\",\"sk\":\"10 min\\u00fat\",\"sl\":\"10 minut\",\"es\":\"10 minutos\",\"sv\":\"10 minuter\",\"en\":\"10 minutes\"}\">10 minutos<\/td>\n<td class=\"_CookieScriptReportPageTableTd\" data-csr-i18n-text=\"{\"es\":\"Google Analytics establece esta cookie. De acuerdo con su documentaci\\u00f3n, se utiliza para reducir la tasa de solicitud del servicio, lo que limita la recopilaci\\u00f3n de datos en sitios de alto tr\\u00e1fico. Caduca a los 10 minutos\"}\">Esta cookie est\u00e1 establecida por Google Analytics. Seg\u00fan su documentaci\u00f3n, la demanda del servicio se utiliza para ahogar la tasa, limitando la recogida de datos de zonas de tr\u00e1fico elevado. Caduca despu\u00e9s de 10 minutos   <\/td>\n<\/tr>\n<tr>\n<td class=\"_CookieScriptReportPageTableTd\">_ga<\/td>\n<td class=\"_CookieScriptReportPageTableTd\">.genial.ly<\/td>\n<td class=\"_CookieScriptReportPageTableTd\" data-csr-i18n-text=\"{\"bg\":\"2 \\u0433\\u043e\\u0434\\u0438\\u043d\\u0438\",\"hr\":\"2 godine\",\"cs\":\"2 roky\",\"da\":\"2 \\u00e5r\",\"nl\":\"2 jaar\",\"et\":\"2 aastat\",\"fi\":\"2 vuotta\",\"fr\":\"2 ans\",\"de\":\"2 Jahre\",\"el\":\"2 \\u03c7\\u03c1\\u03cc\\u03bd\\u03b9\\u03b1\",\"hu\":\"2 \\u00e9v\",\"ga\":\"2 bliain\",\"it\":\"2 anni\",\"lv\":\"2 gadiem\",\"lt\":\"2 metai\",\"ru\":\"2 \\u0433\\u043e\\u0434\\u0430\",\"mt\":\"2 sni\",\"pl\":\"2 lata\",\"pt\":\"2 anos\",\"ro\":\"2 ani\",\"sk\":\"2 roky\",\"sl\":\"2 leti\",\"es\":\"2 a\\u00f1os\",\"sv\":\"2 \\u00e5r\",\"en\":\"2 years\"}\">2 a\u00f1os<\/td>\n<td class=\"_CookieScriptReportPageTableTd\" data-csr-i18n-text=\"{\"es\":\"Este nombre de cookie est\\u00e1 asociado con Google Universal Analytics, que es una actualizaci\\u00f3n significativa del servicio de an\\u00e1lisis de Google m\\u00e1s utilizado. Esta cookie se utiliza para distinguir usuarios \\u00fanicos asignando un n\\u00famero generado aleatoriamente como identificador de cliente. Se incluye en cada solicitud de p\\u00e1gina de un sitio y se utiliza para calcular los datos de visitantes, sesiones y campa\\u00f1as para los informes de an\\u00e1lisis de sitios. De forma predeterminada, caduca despu\\u00e9s de 2 a\\u00f1os, aunque los propietarios de sitios web pueden personalizarlo.\"}\">Este nombre de cookie est\u00e1 relacionado con Google Universal Analytics: es una actualizaci\u00f3n significativa del servicio de an\u00e1lisis m\u00e1s utilizado por Google. Esta cookie se utiliza para distinguir usuarios \u00fanicos asignando un n\u00famero aleatorio creado como identificador de cliente. Se accede a cada solicitud de una p\u00e1gina de un sitio y se utiliza para el c\u00e1lculo de datos de visitantes, sesiones y campa\u00f1as para los informes de an\u00e1lisis de sitios. Por defecto, se establece la caducidad a los 2 a\u00f1os, aunque los propietarios de la web pueden personalizarla.   <\/td>\n<\/tr>\n<tr>\n<td class=\"_CookieScriptReportPageTableTd\">_gid<\/td>\n<td class=\"_CookieScriptReportPageTableTd\">.genial.ly<\/td>\n<td class=\"_CookieScriptReportPageTableTd\" data-csr-i18n-text=\"{\"bg\":\"1 \\u0434\\u0435\\u043d\",\"hr\":\"1 dan\",\"cs\":\"1 den\",\"da\":\"1 dag\",\"nl\":\"1 dag\",\"et\":\"1 p\\u00e4ev\",\"fi\":\"1 p\\u00e4iv\\u00e4\",\"fr\":\"1 jour\",\"de\":\"1 Tag\",\"el\":\"1 \\u03bc\\u03ad\\u03c1\\u03b1\",\"hu\":\"1 nap\",\"ga\":\"1 l\\u00e1\",\"it\":\"1 giorno\",\"lv\":\"1 dienas\",\"lt\":\"1 diena\",\"ru\":\"1 \\u0434\\u0435\\u043d\\u044c\",\"mt\":\"\\u0121urnata\",\"pl\":\"1 dzie\\u0144\",\"pt\":\"1 dia\",\"ro\":\"1 zi\",\"sk\":\"de\\u0148\",\"sl\":\"1 dan\",\"es\":\"1 d\\u00eda\",\"sv\":\"1 dag\",\"en\":\"1 day\"}\">1 d\u00eda<\/td>\n<td class=\"_CookieScriptReportPageTableTd\" data-csr-i18n-text=\"{\"es\":\"Este nombre de cookie est\\u00e1 asociado con Google Universal Analytics. Esta parece ser una nueva cookie y, a partir de la primavera de 2017, Google no ofrece informaci\\u00f3n. Parece almacenar y actualizar un valor \\u00fanico para cada p\\u00e1gina visitada.\"}\">Este nombre de cookie est\u00e1 relacionado con Google Analytics. gtag.js y analytics.js son utilizadas por scripts y seg\u00fan Google Analytics esta cookie se utiliza para distinguir a los usuarios. <\/td>\n<\/tr>\n<\/tbody>\n<\/table>\n<\/div>\n<p>[\/et_pb_text][\/et_pb_column][\/et_pb_row][et_pb_row _builder_version=\u00bb4.27.4&#8243; _module_preset=\u00bbdefault\u00bb global_colors_info=\u00bb{}\u00bb][et_pb_column type=\u00bb4_4&#8243; _builder_version=\u00bb4.27.4&#8243; _module_preset=\u00bbdefault\u00bb global_colors_info=\u00bb{}\u00bb][et_pb_text _builder_version=\u00bb4.27.4&#8243; _module_preset=\u00bbdefault\u00bb header_text_color=\u00bb#FFFFFF\u00bb header_4_text_color=\u00bb#FFFFFF\u00bb background_color=\u00bbgcid-primary-color\u00bb custom_padding=\u00bb10px|||10px|false|false\u00bb global_colors_info=\u00bb{%22gcid-primary-color%22:%91%22background_color%22%93}\u00bb]<\/p>\n<h4>TRAMITACI\u00d3N<\/h4>\n<p>[\/et_pb_text][et_pb_text _builder_version=\u00bb4.27.4&#8243; _module_preset=\u00bbdefault\u00bb hover_enabled=\u00bb0&#8243; sticky_enabled=\u00bb0&#8243;]<\/p>\n<div>\n<table class=\"_CookieScriptReportPageTable\">\n<thead>\n<tr>\n<th class=\"_CookieScriptReportPageTableTh\" data-csr-i18n-text=\"{\"es\":\"Nombre\"}\">Nombre<\/th>\n<th class=\"_CookieScriptReportPageTableTh\" data-csr-i18n-text=\"{\"es\":\"Dominio\"}\">Dominio<\/th>\n<th class=\"_CookieScriptReportPageTableTh\" data-csr-i18n-text=\"{\"es\":\"Vencimiento\"}\">Caducidad<\/th>\n<th class=\"_CookieScriptReportPageTableTh\" data-csr-i18n-text=\"{\"es\":\"Descripci\\u00f3n\"}\">Descripci\u00f3n<\/th>\n<\/tr>\n<\/thead>\n<tbody>\n<tr>\n<td class=\"_CookieScriptReportPageTableTd\">_fbp<\/td>\n<td class=\"_CookieScriptReportPageTableTd\">.genial.ly<\/td>\n<td class=\"_CookieScriptReportPageTableTd\" data-csr-i18n-text=\"{\"bg\":\"3 \\u043c\\u0435\\u0441\\u0435\\u0446\\u0430\",\"hr\":\"3 mjeseca\",\"cs\":\"3 m\\u011bs\\u00edce\",\"da\":\"3 m\\u00e5neder\",\"nl\":\"3 maanden\",\"et\":\"3 kuud\",\"fi\":\"3 kuukautta\",\"fr\":\"3 mois\",\"de\":\"3 Monate\",\"el\":\"3 \\u03bc\\u03ae\\u03bd\\u03b5\\u03c2\",\"hu\":\"3 h\\u00f3nap\",\"ga\":\"3 m\\u00ed\",\"it\":\"3 mesi\",\"lv\":\"3 m\\u0113ne\\u0161iem\",\"lt\":\"3 m\\u0117nesiai\",\"ru\":\"3 \\u043c\\u0435\\u0441\\u044f\\u0446\\u0430\",\"mt\":\"3 xhur\",\"pl\":\"3 miesi\\u0105ce\",\"pt\":\"3 meses\",\"ro\":\"3 luni\",\"sk\":\"3 mesiace\",\"sl\":\"3 mesece\",\"es\":\"3 meses\",\"sv\":\"3 m\\u00e5nader\",\"en\":\"3 months\"}\">3 hilabete<\/td>\n<td class=\"_CookieScriptReportPageTableTd\" data-csr-i18n-text=\"{\"es\":\"Utilizado por Facebook para ofrecer una serie de productos publicitarios, como ofertas en tiempo real de anunciantes externos.\"}\">Facebook lo utiliza para dar algunos productos publicitarios, como la licitaci\u00f3n en tiempo real de los anunciantes de terceros.<\/td>\n<\/tr>\n<\/tbody>\n<\/table>\n<\/div>\n<p>[\/et_pb_text][\/et_pb_column][\/et_pb_row][et_pb_row _builder_version=\u00bb4.27.4&#8243; _module_preset=\u00bbdefault\u00bb global_colors_info=\u00bb{}\u00bb][et_pb_column type=\u00bb4_4&#8243; _builder_version=\u00bb4.27.4&#8243; _module_preset=\u00bbdefault\u00bb global_colors_info=\u00bb{}\u00bb][et_pb_text _builder_version=\u00bb4.27.4&#8243; _module_preset=\u00bbdefault\u00bb header_text_color=\u00bb#FFFFFF\u00bb header_4_text_color=\u00bb#FFFFFF\u00bb background_color=\u00bbgcid-primary-color\u00bb custom_padding=\u00bb10px|||10px|false|false\u00bb global_colors_info=\u00bb{%22gcid-primary-color%22:%91%22background_color%22%93}\u00bb]<\/p>\n<h4>FUNCIONAMIENTO<\/h4>\n<p>[\/et_pb_text][et_pb_text _builder_version=\u00bb4.27.4&#8243; _module_preset=\u00bbdefault\u00bb hover_enabled=\u00bb0&#8243; sticky_enabled=\u00bb0&#8243;]<\/p>\n<div>\n<table class=\"_CookieScriptReportPageTable\">\n<thead>\n<tr>\n<th class=\"_CookieScriptReportPageTableTh\" data-csr-i18n-text=\"{\"es\":\"Nombre\"}\">Nombre<\/th>\n<th class=\"_CookieScriptReportPageTableTh\" data-csr-i18n-text=\"{\"es\":\"Dominio\"}\">Dominio<\/th>\n<th class=\"_CookieScriptReportPageTableTh\" data-csr-i18n-text=\"{\"es\":\"Vencimiento\"}\">Caducidad<\/th>\n<th class=\"_CookieScriptReportPageTableTh\" data-csr-i18n-text=\"{\"es\":\"Descripci\\u00f3n\"}\">Descripci\u00f3n<\/th>\n<\/tr>\n<\/thead>\n<tbody>\n<tr>\n<td class=\"_CookieScriptReportPageTableTd\">PHPSESSID<\/td>\n<td class=\"_CookieScriptReportPageTableTd\">www.etxalar.eus<\/td>\n<td class=\"_CookieScriptReportPageTableTd\" data-csr-i18n-text=\"{\"bg\":\"Session\",\"hr\":\"Session\",\"cs\":\"Session\",\"da\":\"Session\",\"nl\":\"Session\",\"et\":\"Session\",\"fi\":\"Session\",\"fr\":\"Session\",\"de\":\"Session\",\"el\":\"Session\",\"hu\":\"Session\",\"ga\":\"Session\",\"it\":\"Session\",\"lv\":\"Session\",\"lt\":\"Session\",\"ru\":\"Session\",\"mt\":\"Session\",\"pl\":\"Session\",\"pt\":\"Session\",\"ro\":\"Session\",\"sk\":\"Session\",\"sl\":\"Session\",\"es\":\"Session\",\"sv\":\"Session\",\"en\":\"Session\"}\">Sesi\u00f3n<\/td>\n<td class=\"_CookieScriptReportPageTableTd\" data-csr-i18n-text=\"{\"es\":\"Cookie generada por aplicaciones basadas en el lenguaje PHP. Este es un identificador de prop\\u00f3sito general que se utiliza para mantener las variables de sesi\\u00f3n del usuario. Normalmente es un n\\u00famero generado al azar, la forma en que se usa puede ser espec\\u00edfico del sitio, pero un buen ejemplo es mantener un estado de inicio de sesi\\u00f3n para un usuario entre p\\u00e1ginas.\"}\">Cookie generada por aplicaciones basadas en lenguaje PHP. Es el identificador de fin general que se utiliza para mantener las variables de sesi\u00f3n del usuario. Normalmente, se trata de un n\u00famero creado al azar, que puede ser espec\u00edfico para el sitio web, pero un buen ejemplo es que el usuario est\u00e9 conectado de una p\u00e1gina a otra.  <\/td>\n<\/tr>\n<\/tbody>\n<\/table>\n<\/div>\n<p>&nbsp;<\/p>\n<p>[\/et_pb_text][\/et_pb_column][\/et_pb_row][et_pb_row _builder_version=\u00bb4.27.4&#8243; _module_preset=\u00bbdefault\u00bb global_colors_info=\u00bb{}\u00bb][et_pb_column type=\u00bb4_4&#8243; _builder_version=\u00bb4.27.4&#8243; _module_preset=\u00bbdefault\u00bb global_colors_info=\u00bb{}\u00bb][et_pb_text _builder_version=\u00bb4.27.4&#8243; _module_preset=\u00bbdefault\u00bb global_colors_info=\u00bb{}\u00bb]<\/p>\n<p><strong>\u00daltima actualizaci\u00f3n:<\/strong> marzo 2025<strong><\/strong><\/p>\n<p>[\/et_pb_text][\/et_pb_column][\/et_pb_row][\/et_pb_section]<\/p>\n","protected":false},"excerpt":{"rendered":"<p>Pol\u00edtica de CookiesEl Ayuntamiento de Etxalar no utiliza cookies para recoger informaci\u00f3n de los usuarios. \u00danicamente se utilizan cookies propias y de terceros con finalidad t\u00e9cnica para permitir navegaci\u00f3n a [&hellip;]<\/p>\n","protected":false},"author":9,"featured_media":0,"parent":0,"menu_order":0,"comment_status":"closed","ping_status":"closed","template":"","meta":{"_et_pb_use_builder":"on","_et_pb_old_content":"","_et_gb_content_width":"","footnotes":""},"class_list":["post-264756","page","type-page","status-publish","hentry"],"_links":{"self":[{"href":"https:\/\/www.etxalar.eus\/es\/wp-json\/wp\/v2\/pages\/264756","targetHints":{"allow":["GET"]}}],"collection":[{"href":"https:\/\/www.etxalar.eus\/es\/wp-json\/wp\/v2\/pages"}],"about":[{"href":"https:\/\/www.etxalar.eus\/es\/wp-json\/wp\/v2\/types\/page"}],"author":[{"embeddable":true,"href":"https:\/\/www.etxalar.eus\/es\/wp-json\/wp\/v2\/users\/9"}],"replies":[{"embeddable":true,"href":"https:\/\/www.etxalar.eus\/es\/wp-json\/wp\/v2\/comments?post=264756"}],"version-history":[{"count":4,"href":"https:\/\/www.etxalar.eus\/es\/wp-json\/wp\/v2\/pages\/264756\/revisions"}],"predecessor-version":[{"id":265252,"href":"https:\/\/www.etxalar.eus\/es\/wp-json\/wp\/v2\/pages\/264756\/revisions\/265252"}],"wp:attachment":[{"href":"https:\/\/www.etxalar.eus\/es\/wp-json\/wp\/v2\/media?parent=264756"}],"curies":[{"name":"wp","href":"https:\/\/api.w.org\/{rel}","templated":true}]}}