{"id":264690,"date":"2025-03-26T12:38:49","date_gmt":"2025-03-26T11:38:49","guid":{"rendered":"https:\/\/www.etxalar.eus\/financiacion-fondos-europeos\/"},"modified":"2025-07-02T13:11:27","modified_gmt":"2025-07-02T11:11:27","slug":"financiacion-fondos-europeos","status":"publish","type":"page","link":"https:\/\/www.etxalar.eus\/es\/financiacion-fondos-europeos\/","title":{"rendered":"Financiaci\u00f3n fondos europeos"},"content":{"rendered":"<p>[et_pb_section fb_built=\u00bb1&#8243; _builder_version=\u00bb4.24.0&#8243; _module_preset=\u00bbdefault\u00bb global_colors_info=\u00bb{}\u00bb][et_pb_row _builder_version=\u00bb4.24.0&#8243; _module_preset=\u00bbdefault\u00bb global_colors_info=\u00bb{}\u00bb][et_pb_column type=\u00bb4_4&#8243; _builder_version=\u00bb4.24.0&#8243; _module_preset=\u00bbdefault\u00bb global_colors_info=\u00bb{}\u00bb][et_pb_text _builder_version=\u00bb4.27.4&#8243; _module_preset=\u00bbdefault\u00bb header_font=\u00bb|800|||||||\u00bb header_text_color=\u00bbgcid-primary-color\u00bb global_colors_info=\u00bb{%22gcid-primary-color%22:%91%22header_text_color%22%93}\u00bb]<\/p>\n<h1>Financiaci\u00f3n Fondos Europeos<\/h1>\n<p>[\/et_pb_text][\/et_pb_column][\/et_pb_row][et_pb_row _builder_version=\u00bb4.24.0&#8243; _module_preset=\u00bbdefault\u00bb global_colors_info=\u00bb{}\u00bb][et_pb_column type=\u00bb4_4&#8243; _builder_version=\u00bb4.24.0&#8243; _module_preset=\u00bbdefault\u00bb global_colors_info=\u00bb{}\u00bb][et_pb_text _builder_version=\u00bb4.27.4&#8243; _module_preset=\u00bbdefault\u00bb header_font_size_tablet=\u00bb\u00bb header_font_size_phone=\u00bb32px\u00bb header_font_size_last_edited=\u00bbon|phone\u00bb global_colors_info=\u00bb{}\u00bb]<\/p>\n<h1><strong><\/strong>FONDOS NEXT GENERATION EU EN EL MARCO DEL PLAN DE RECUPERACI\u00d3N, TRANSFORMACI\u00d3N Y RESILIENCIA (PRTR)<\/h1>\n<p>[\/et_pb_text][\/et_pb_column][\/et_pb_row][et_pb_row column_structure=\u00bb1_4,1_4,1_4,1_4&#8243; _builder_version=\u00bb4.24.0&#8243; _module_preset=\u00bbdefault\u00bb global_colors_info=\u00bb{}\u00bb][et_pb_column type=\u00bb1_4&#8243; _builder_version=\u00bb4.24.0&#8243; _module_preset=\u00bbdefault\u00bb global_colors_info=\u00bb{}\u00bb][et_pb_image src=\u00bbhttps:\/\/www.etxalar.eus\/wp-content\/uploads\/2025\/03\/Etxalarko-Udala.png\u00bb alt=\u00bbBHM logo koloretan\u00bb title_text=\u00bbAyuntamiento de Etxalar\u00bb _builder_version=\u00bb4.27.4&#8243; _module_preset=\u00bbdefault\u00bb global_colors_info=\u00bb{}\u00bb][\/et_pb_image][\/et_pb_column][et_pb_column type=\u00bb1_4&#8243; _builder_version=\u00bb4.24.0&#8243; _module_preset=\u00bbdefault\u00bb global_colors_info=\u00bb{}\u00bb][et_pb_image src=\u00bbhttps:\/\/www.etxalar.eus\/wp-content\/uploads\/2025\/03\/Logo_de_la_Presidencia_del_Gobierno.png\u00bb title_text=\u00bbLogo_de_la_Presidencia_del_Gobierno\u00bb _builder_version=\u00bb4.24.0&#8243; _module_preset=\u00bbdefault\u00bb global_colors_info=\u00bb{}\u00bb][\/et_pb_image][\/et_pb_column][et_pb_column type=\u00bb1_4&#8243; _builder_version=\u00bb4.24.0&#8243; _module_preset=\u00bbdefault\u00bb global_colors_info=\u00bb{}\u00bb][et_pb_image src=\u00bbhttps:\/\/www.etxalar.eus\/wp-content\/uploads\/2025\/03\/LOGO_PRTR_NEXT.png\u00bb title_text=\u00bbLOGO_PRTR_NEXT\u00bb _builder_version=\u00bb4.24.0&#8243; _module_preset=\u00bbdefault\u00bb global_colors_info=\u00bb{}\u00bb][\/et_pb_image][\/et_pb_column][et_pb_column type=\u00bb1_4&#8243; _builder_version=\u00bb4.24.0&#8243; _module_preset=\u00bbdefault\u00bb global_colors_info=\u00bb{}\u00bb][et_pb_image src=\u00bbhttps:\/\/www.etxalar.eus\/wp-content\/uploads\/2025\/02\/images.png\u00bb title_text=\u00bbim\u00e1genes\u00bb _builder_version=\u00bb4.24.0&#8243; _module_preset=\u00bbdefault\u00bb global_colors_info=\u00bb{}\u00bb][\/et_pb_image][\/et_pb_column][\/et_pb_row][et_pb_row _builder_version=\u00bb4.24.0&#8243; _module_preset=\u00bbdefault\u00bb global_colors_info=\u00bb{}\u00bb][et_pb_column type=\u00bb4_4&#8243; _builder_version=\u00bb4.24.0&#8243; _module_preset=\u00bbdefault\u00bb global_colors_info=\u00bb{}\u00bb][et_pb_text _builder_version=\u00bb4.27.4&#8243; _module_preset=\u00bbdefault\u00bb global_colors_info=\u00bb{}\u00bb]<\/p>\n<h2><strong>Canal Denuncias Antifraude<\/strong><\/h2>\n<p>[\/et_pb_text][\/et_pb_column][\/et_pb_row][et_pb_row _builder_version=\u00bb4.24.0&#8243; _module_preset=\u00bbdefault\u00bb global_colors_info=\u00bb{}\u00bb][et_pb_column type=\u00bb4_4&#8243; _builder_version=\u00bb4.24.0&#8243; _module_preset=\u00bbdefault\u00bb global_colors_info=\u00bb{}\u00bb][et_pb_text _builder_version=\u00bb4.27.4&#8243; _module_preset=\u00bbdefault\u00bb global_colors_info=\u00bb{}\u00bb]<\/p>\n<p>Si desea denunciar hechos que puedan ser constitutivos de fraude o irregularidad en relaci\u00f3n con proyectos u operaciones financiados con cargo a fondos procedentes de la Uni\u00f3n Europea, puede utilizar el canal habilitado al efecto por el Ayuntamiento de Etxalar, y al que se puede acceder remitiendo un email a la siguiente direcci\u00f3n: <\/p>\n<p><a href=\"mailto:denunciasantifraude@etxalar.eus\">denunciasantifraude@etxalar.eus<\/a><\/p>\n<p>Igualmente, se informa que adem\u00e1s de los procedimientos establecidos en este mismo documento, cualquier ciudadano o empleado p\u00fablico podr\u00e1 comunicar hechos presuntamente fraudulentos al SNCA, a trav\u00e9s del canal de denuncias externo &lt;&lt;infofraude&gt;&gt; habilitado al efecto por dicho servicio en la direcci\u00f3n web:<\/p>\n<p><a href=\"https:\/\/www.igae.pap.hacienda.gob.es\/sitios\/igae\/es-ES\/snca\/Paginas\/ComunicacionSNCA.aspx\" target=\"_blank\" rel=\"noopener\">Comunicaci\u00f3n de informaci\u00f3n sobre fraudes o irregularidades que afecten a fondos europeos.<\/a><\/p>\n<p><strong>Documentos<\/strong><br \/>La Pol\u00edtica Antifraude en el marco del Plan de Recuperaci\u00f3n, Transformaci\u00f3n y Resiliencia (PRTR) y de los fondos NGEU fu\u00e9 aprobada en sesi\u00f3n de pleno extraordinario del Ayuntamiento de Etxalar con fecha 3 de agosto de 2023.<\/p>\n<p><a href=\"https:\/\/www.etxalar.eus\/wp-content\/uploads\/2025\/03\/PLAN-ANTIFRAUDE-PRTR_2023_AYTO-ETXALAR-DEFINITIVO_FDO-sello-Secret.pdf\" target=\"_blank\" rel=\"noopener\">Plan de medidas Antifraude aprobado con fecha 3 de agosto de 2023.<\/a><\/p>\n<p>[\/et_pb_text][\/et_pb_column][\/et_pb_row][\/et_pb_section][et_pb_section fb_built=\u00bb1&#8243; next_background_color=\u00bbgcid-aa8ab6bb-6aae-4545-8323-e9f7c570e8d7&#8243; _builder_version=\u00bb4.27.4&#8243; _module_preset=\u00bbdefault\u00bb background_color=\u00bbgcid-secondary-color\u00bb bottom_divider_style=\u00bbtriangle\u00bb bottom_divider_height=\u00bb50px\u00bb bottom_divider_flip=\u00bbvertical\u00bb global_colors_info=\u00bb{%22gcid-secondary-color%22:%91%22background_color%22%93}\u00bb][et_pb_row _builder_version=\u00bb4.24.0&#8243; _module_preset=\u00bbdefault\u00bb global_colors_info=\u00bb{}\u00bb][et_pb_column type=\u00bb4_4&#8243; _builder_version=\u00bb4.24.0&#8243; _module_preset=\u00bbdefault\u00bb global_colors_info=\u00bb{}\u00bb][et_pb_text _builder_version=\u00bb4.27.4&#8243; _module_preset=\u00bbdefault\u00bb header_text_color=\u00bb#FFFFFF\u00bb global_colors_info=\u00bb{}\u00bb]<\/p>\n<h1><strong>PROYECTOS<\/strong><\/h1>\n<p>[\/et_pb_text][\/et_pb_column][\/et_pb_row][\/et_pb_section][et_pb_section fb_built=\u00bb1&#8243; _builder_version=\u00bb4.27.4&#8243; _module_preset=\u00bbdefault\u00bb background_color=\u00bbgcid-aa8ab6bb-6aae-4545-8323-e9f7c570e8d7&#8243; global_colors_info=\u00bb{%22gcid-aa8ab6bb-6aae-4545-8323-e9f7c570e8d7%22:%91%22background_color%22%93}\u00bb][et_pb_row _builder_version=\u00bb4.27.4&#8243; _module_preset=\u00bbdefault\u00bb global_colors_info=\u00bb{}\u00bb][et_pb_column type=\u00bb4_4&#8243; _builder_version=\u00bb4.27.4&#8243; _module_preset=\u00bbdefault\u00bb global_colors_info=\u00bb{}\u00bb][et_pb_text _builder_version=\u00bb4.27.4&#8243; _module_preset=\u00bbdefault\u00bb header_font_size=\u00bb99px\u00bb global_colors_info=\u00bb{}\u00bb]<\/p>\n<h1>01.<\/h1>\n<p>[\/et_pb_text][\/et_pb_column][\/et_pb_row][\/et_pb_section][et_pb_section fb_built=\u00bb1&#8243; _builder_version=\u00bb4.24.0&#8243; _module_preset=\u00bbdefault\u00bb global_colors_info=\u00bb{}\u00bb][et_pb_row column_structure=\u00bb2_5,3_5&#8243; _builder_version=\u00bb4.27.4&#8243; _module_preset=\u00bbdefault\u00bb global_colors_info=\u00bb{}\u00bb][et_pb_column type=\u00bb2_5&#8243; _builder_version=\u00bb4.27.4&#8243; _module_preset=\u00bbdefault\u00bb global_colors_info=\u00bb{}\u00bb][et_pb_image src=\u00bbhttps:\/\/www.etxalar.eus\/wp-content\/uploads\/2025\/02\/images.png\u00bb title_text=\u00bbim\u00e1genes\u00bb _builder_version=\u00bb4.24.0&#8243; _module_preset=\u00bbdefault\u00bb global_colors_info=\u00bb{}\u00bb][\/et_pb_image][\/et_pb_column][et_pb_column type=\u00bb3_5&#8243; _builder_version=\u00bb4.27.4&#8243; _module_preset=\u00bbdefault\u00bb global_colors_info=\u00bb{}\u00bb][et_pb_image src=\u00bbhttps:\/\/www.etxalar.eus\/wp-content\/uploads\/2025\/03\/Europa-DUS.png\u00bb title_text=\u00bbEuropa DUS\u00bb _builder_version=\u00bb4.27.4&#8243; _module_preset=\u00bbdefault\u00bb global_colors_info=\u00bb{}\u00bb][\/et_pb_image][\/et_pb_column][\/et_pb_row][et_pb_row _builder_version=\u00bb4.24.0&#8243; _module_preset=\u00bbdefault\u00bb global_colors_info=\u00bb{}\u00bb][et_pb_column type=\u00bb4_4&#8243; _builder_version=\u00bb4.24.0&#8243; _module_preset=\u00bbdefault\u00bb global_colors_info=\u00bb{}\u00bb][et_pb_text _builder_version=\u00bb4.27.4&#8243; _module_preset=\u00bbdefault\u00bb global_colors_info=\u00bb{}\u00bb]<\/p>\n<h2 style=\"text-align: left;\"><strong>OBRAS DE RENOVACI\u00d3N DE ALUMBRADO P\u00daBLICO EN ETXALAR<\/strong><\/h2>\n<p>[\/et_pb_text][et_pb_text _builder_version=\u00bb4.27.4&#8243; _module_preset=\u00bbdefault\u00bb header_4_text_color=\u00bbgcid-369d6a5c-948a-46a7-83c8-2ed935036bdf\u00bb header_5_text_color=\u00bb#4a5989&#8243; global_colors_info=\u00bb{%22gcid-369d6a5c-948a-46a7-83c8-2ed935036bdf%22:%91%22header_4_text_color%22%93}\u00bb]<\/p>\n<h4 style=\"text-align: left;\"><strong>Proyecto acogido a las ayudas para inversiones a proyectos singulares locales<br \/>de energ\u00eda limpia en municipios de reto demogr\u00e1fico (PROGRAMA DUS 5000),<br \/>en el marco del Plan de Recuperaci\u00f3n, Transformaci\u00f3n y Resiliencia.<\/strong><\/h4>\n<p><strong><\/strong><\/p>\n<p><strong><\/strong><\/p>\n<h5><strong>#PlanDeRecuperaci\u00f3n<\/strong><\/h5>\n<p>[\/et_pb_text][\/et_pb_column][\/et_pb_row][et_pb_row _builder_version=\u00bb4.24.0&#8243; _module_preset=\u00bbdefault\u00bb global_colors_info=\u00bb{}\u00bb][et_pb_column type=\u00bb4_4&#8243; _builder_version=\u00bb4.24.0&#8243; _module_preset=\u00bbdefault\u00bb global_colors_info=\u00bb{}\u00bb][et_pb_text _builder_version=\u00bb4.27.4&#8243; _module_preset=\u00bbdefault\u00bb global_colors_info=\u00bb{}\u00bb]<\/p>\n<p><strong>Beneficiario: <\/strong>AYUNTAMIENTO DE ETXALAR<br \/><strong>Inversi\u00f3n total: <\/strong>143.386,93 \u20ac<br \/><strong>Importe de la ayuda: <\/strong>111.843,18 \u20ac<br \/><strong>Medida:<\/strong> 04-Lucha contra la contaminaci\u00f3n lum\u00ednica, alumbrado eficiente e inteligente. Smart Rural y TIC <br \/><strong>Componente 2, inversi\u00f3n 4 (C2. I4) <\/strong><\/p>\n<p>[\/et_pb_text][\/et_pb_column][\/et_pb_row][et_pb_row column_structure=\u00bb2_5,3_5&#8243; _builder_version=\u00bb4.24.0&#8243; _module_preset=\u00bbdefault\u00bb global_colors_info=\u00bb{}\u00bb][et_pb_column type=\u00bb2_5&#8243; _builder_version=\u00bb4.24.0&#8243; _module_preset=\u00bbdefault\u00bb global_colors_info=\u00bb{}\u00bb][et_pb_text _builder_version=\u00bb4.27.4&#8243; _module_preset=\u00bbdefault\u00bb global_colors_info=\u00bb{}\u00bb]<\/p>\n<p><strong>Real Decreto 692\/2021 del 03 de agosto<\/strong><\/p>\n<p>[\/et_pb_text][\/et_pb_column][et_pb_column type=\u00bb3_5&#8243; _builder_version=\u00bb4.24.0&#8243; _module_preset=\u00bbdefault\u00bb global_colors_info=\u00bb{}\u00bb][et_pb_image src=\u00bbhttps:\/\/www.etxalar.eus\/wp-content\/uploads\/2025\/03\/Europa-IDAE.png\u00bb title_text=\u00bbEuropa IDAE\u00bb _builder_version=\u00bb4.27.4&#8243; _module_preset=\u00bbdefault\u00bb global_colors_info=\u00bb{}\u00bb][\/et_pb_image][\/et_pb_column][\/et_pb_row][et_pb_row column_structure=\u00bb1_3,1_3,1_3&#8243; _builder_version=\u00bb4.24.0&#8243; _module_preset=\u00bbdefault\u00bb global_colors_info=\u00bb{}\u00bb][et_pb_column type=\u00bb1_3&#8243; _builder_version=\u00bb4.24.0&#8243; _module_preset=\u00bbdefault\u00bb global_colors_info=\u00bb{}\u00bb][et_pb_button button_url=\u00bbhttps:\/\/www.etxalar.eus\/wp-content\/uploads\/2025\/03\/0_DUS5000_RESOL_CONCESION_DG_FDO1.pdf\u00bb url_new_window=\u00bbon\u00bb button_text=\u00bbNotificaci\u00f3n de resoluci\u00f3n\u00bb button_alignment=\u00bbcenter\u00bb _builder_version=\u00bb4.27.4&#8243; _module_preset=\u00bbdefault\u00bb custom_button=\u00bbon\u00bb button_text_color=\u00bb#FFFFFF\u00bb button_bg_color=\u00bbgcid-primary-color\u00bb button_border_width=\u00bb0px\u00bb button_border_color=\u00bb#B44C37&#8243; button_border_radius=\u00bb38px\u00bb button_font=\u00bb|700|||||||\u00bb button_icon=\u00bb&#xe092;||divi||400&#8243; button_icon_color=\u00bb#FFFFFF\u00bb button_icon_placement=\u00bbleft\u00bb button_on_hover=\u00bboff\u00bb global_colors_info=\u00bb{%22gcid-primary-color%22:%91%22button_bg_color%22%93}\u00bb][\/et_pb_button][\/et_pb_column][et_pb_column type=\u00bb1_3&#8243; _builder_version=\u00bb4.24.0&#8243; _module_preset=\u00bbdefault\u00bb global_colors_info=\u00bb{}\u00bb][et_pb_button button_url=\u00bbhttps:\/\/www.etxalar.eus\/wp-content\/uploads\/2025\/03\/037_2021-AP-ETXALAR-PROYECTO1.pdf\u00bb url_new_window=\u00bbon\u00bb button_text=\u00bbMemoria del proyecto\u00bb button_alignment=\u00bbcenter\u00bb _builder_version=\u00bb4.27.4&#8243; _module_preset=\u00bbdefault\u00bb custom_button=\u00bbon\u00bb button_text_color=\u00bb#FFFFFF\u00bb button_bg_color=\u00bbgcid-primary-color\u00bb button_border_width=\u00bb0px\u00bb button_border_color=\u00bb#B44C37&#8243; button_border_radius=\u00bb38px\u00bb button_font=\u00bb|700|||||||\u00bb button_icon=\u00bb&#xe092;||divi||400&#8243; button_icon_color=\u00bb#FFFFFF\u00bb button_icon_placement=\u00bbleft\u00bb button_on_hover=\u00bboff\u00bb global_colors_info=\u00bb{%22gcid-primary-color%22:%91%22button_bg_color%22%93}\u00bb][\/et_pb_button][\/et_pb_column][et_pb_column type=\u00bb1_3&#8243; _builder_version=\u00bb4.24.0&#8243; _module_preset=\u00bbdefault\u00bb global_colors_info=\u00bb{}\u00bb][et_pb_button button_url=\u00bbhttps:\/\/www.etxalar.eus\/wp-content\/uploads\/2025\/05\/Plan-Estrategico-AP-Etxalar.pdf\u00bb url_new_window=\u00bbon\u00bb button_text=\u00bbPlan estrat\u00e9gico AP Etxalar\u00bb button_alignment=\u00bbcenter\u00bb _builder_version=\u00bb4.27.4&#8243; _module_preset=\u00bbdefault\u00bb custom_button=\u00bbon\u00bb button_text_color=\u00bb#FFFFFF\u00bb button_bg_color=\u00bbgcid-primary-color\u00bb button_border_width=\u00bb0px\u00bb button_border_color=\u00bb#B44C37&#8243; button_border_radius=\u00bb38px\u00bb button_font=\u00bb|700|||||||\u00bb button_icon=\u00bb&#xe092;||divi||400&#8243; button_icon_color=\u00bb#FFFFFF\u00bb button_icon_placement=\u00bbleft\u00bb button_on_hover=\u00bboff\u00bb global_colors_info=\u00bb{%22gcid-primary-color%22:%91%22button_bg_color%22%93}\u00bb][\/et_pb_button][\/et_pb_column][\/et_pb_row][\/et_pb_section][et_pb_section fb_built=\u00bb1&#8243; _builder_version=\u00bb4.27.4&#8243; _module_preset=\u00bbdefault\u00bb background_color=\u00bbgcid-aa8ab6bb-6aae-4545-8323-e9f7c570e8d7&#8243; global_colors_info=\u00bb{%22gcid-aa8ab6bb-6aae-4545-8323-e9f7c570e8d7%22:%91%22background_color%22%93}\u00bb][et_pb_row _builder_version=\u00bb4.27.4&#8243; _module_preset=\u00bbdefault\u00bb global_colors_info=\u00bb{}\u00bb][et_pb_column type=\u00bb4_4&#8243; _builder_version=\u00bb4.27.4&#8243; _module_preset=\u00bbdefault\u00bb global_colors_info=\u00bb{}\u00bb][et_pb_text _builder_version=\u00bb4.27.4&#8243; _module_preset=\u00bbdefault\u00bb header_font_size=\u00bb99px\u00bb global_colors_info=\u00bb{}\u00bb]<\/p>\n<h1>02.<\/h1>\n<p>[\/et_pb_text][\/et_pb_column][\/et_pb_row][\/et_pb_section][et_pb_section fb_built=\u00bb1&#8243; _builder_version=\u00bb4.24.0&#8243; _module_preset=\u00bbdefault\u00bb global_colors_info=\u00bb{}\u00bb][et_pb_row _builder_version=\u00bb4.27.4&#8243; _module_preset=\u00bbdefault\u00bb global_colors_info=\u00bb{}\u00bb][et_pb_column type=\u00bb4_4&#8243; _builder_version=\u00bb4.27.4&#8243; _module_preset=\u00bbdefault\u00bb global_colors_info=\u00bb{}\u00bb][et_pb_image src=\u00bbhttps:\/\/www.etxalar.eus\/wp-content\/uploads\/2025\/04\/Dirulaguntza-logoak.png\u00bb title_text=\u00bbDirulaguntza logoak\u00bb _builder_version=\u00bb4.27.4&#8243; _module_preset=\u00bbdefault\u00bb global_colors_info=\u00bb{}\u00bb][\/et_pb_image][\/et_pb_column][\/et_pb_row][et_pb_row _builder_version=\u00bb4.24.0&#8243; _module_preset=\u00bbdefault\u00bb global_colors_info=\u00bb{}\u00bb][et_pb_column type=\u00bb4_4&#8243; _builder_version=\u00bb4.24.0&#8243; _module_preset=\u00bbdefault\u00bb global_colors_info=\u00bb{}\u00bb][et_pb_text _builder_version=\u00bb4.27.4&#8243; _module_preset=\u00bbdefault\u00bb global_colors_info=\u00bb{}\u00bb]<\/p>\n<h2 style=\"text-align: left;\"><strong>OBRAS DEL CENTRO DE INTERPRETACI\u00d3N AMBIENTAL<br \/>Y DE AVES MIGRATORIAS<\/strong><\/h2>\n<p>[\/et_pb_text][\/et_pb_column][\/et_pb_row][et_pb_row _builder_version=\u00bb4.24.0&#8243; _module_preset=\u00bbdefault\u00bb global_colors_info=\u00bb{}\u00bb][et_pb_column type=\u00bb4_4&#8243; _builder_version=\u00bb4.24.0&#8243; _module_preset=\u00bbdefault\u00bb global_colors_info=\u00bb{}\u00bb][et_pb_text _builder_version=\u00bb4.27.4&#8243; _module_preset=\u00bbdefault\u00bb global_colors_info=\u00bb{}\u00bb]<\/p>\n<p><strong>Nombre de la persona jur\u00eddica beneficiaria:<\/strong> AYUNTAMIENTO DE ETXALAR<br \/><strong>Plazo: <\/strong>55 d\u00edas<br \/><strong>Importe de la inversi\u00f3n:<\/strong> 212.064,91 \u20ac<br \/><strong>Importe de la ayuda:<\/strong> 212.064,91 \u20ac<br \/><strong>Localizaci\u00f3n:<\/strong> Paraje Lizaieta (Pol\u00edgono 8, parcela 51)<\/p>\n<p>[\/et_pb_text][et_pb_text _builder_version=\u00bb4.27.4&#8243; _module_preset=\u00bbdefault\u00bb header_4_text_color=\u00bbgcid-369d6a5c-948a-46a7-83c8-2ed935036bdf\u00bb header_5_text_color=\u00bb#4a5989&#8243; header_5_line_height=\u00bb1.3em\u00bb global_colors_info=\u00bb{%22gcid-369d6a5c-948a-46a7-83c8-2ed935036bdf%22:%91%22header_4_text_color%22%93}\u00bb]<\/p>\n<h5>Obra financiada con cargo al Mecanismo para la Recuperaci\u00f3n y Resiliencia (MRR) incluido dentro del instrumento financiero NextGenerationEU, Plan de Recuperaci\u00f3n, Transformaci\u00f3n y Resiliencia, en la l\u00ednea de inversi\u00f3n Componente 14 \u201cPlan de Modernizaci\u00f3n y competitividad del sector tur\u00edstico\u201d, en la inversi\u00f3n n\u00ba1 \u201cTransformaci\u00f3n del modelo tur\u00edstico hacia la sostenibilidad\u201d, Submedida 2: Planes de Sosteniblidad Tur\u00edstica en Destino\u201d para actuaciones transformadoras en el sector tur\u00edstico en los \u00e1mbitos de la transici\u00f3n verde, la transici\u00f3n digital y la mejora de la competitividad tur\u00edstica.  <\/h5>\n<p>[\/et_pb_text][\/et_pb_column][\/et_pb_row][et_pb_row column_structure=\u00bb1_2,1_2&#8243; _builder_version=\u00bb4.24.0&#8243; _module_preset=\u00bbdefault\u00bb global_colors_info=\u00bb{}\u00bb][et_pb_column type=\u00bb1_2&#8243; _builder_version=\u00bb4.24.0&#8243; _module_preset=\u00bbdefault\u00bb global_colors_info=\u00bb{}\u00bb][et_pb_button button_url=\u00bbhttps:\/\/www.etxalar.eus\/wp-content\/uploads\/2025\/04\/2_CONVENIO-Cederna-AYTO-ETXALAR_DEF_FDO.pdf\u00bb url_new_window=\u00bbon\u00bb button_text=\u00bbNotificaci\u00f3n de resoluci\u00f3n\u00bb button_alignment=\u00bbcenter\u00bb _builder_version=\u00bb4.27.4&#8243; _module_preset=\u00bbdefault\u00bb custom_button=\u00bbon\u00bb button_text_color=\u00bb#FFFFFF\u00bb button_bg_color=\u00bbgcid-primary-color\u00bb button_border_width=\u00bb0px\u00bb button_border_color=\u00bb#B44C37&#8243; button_border_radius=\u00bb38px\u00bb button_font=\u00bb|700|||||||\u00bb button_icon=\u00bb&#xe092;||divi||400&#8243; button_icon_color=\u00bb#FFFFFF\u00bb button_icon_placement=\u00bbleft\u00bb button_on_hover=\u00bboff\u00bb global_colors_info=\u00bb{%22gcid-primary-color%22:%91%22button_bg_color%22%93}\u00bb][\/et_pb_button][\/et_pb_column][et_pb_column type=\u00bb1_2&#8243; _builder_version=\u00bb4.24.0&#8243; _module_preset=\u00bbdefault\u00bb global_colors_info=\u00bb{}\u00bb][et_pb_button button_url=\u00bbhttps:\/\/www.etxalar.eus\/wp-content\/uploads\/2025\/04\/3-Centro-interpretac-migracion_MEMORIA-TECNICA_def.pdf\u00bb url_new_window=\u00bbon\u00bb button_text=\u00bbMemoria del proyecto\u00bb button_alignment=\u00bbcenter\u00bb _builder_version=\u00bb4.27.4&#8243; _module_preset=\u00bbdefault\u00bb custom_button=\u00bbon\u00bb button_text_color=\u00bb#FFFFFF\u00bb button_bg_color=\u00bbgcid-primary-color\u00bb button_border_width=\u00bb0px\u00bb button_border_color=\u00bb#B44C37&#8243; button_border_radius=\u00bb38px\u00bb button_font=\u00bb|700|||||||\u00bb button_icon=\u00bb&#xe092;||divi||400&#8243; button_icon_color=\u00bb#FFFFFF\u00bb button_icon_placement=\u00bbleft\u00bb button_on_hover=\u00bboff\u00bb hover_enabled=\u00bb0&#8243; global_colors_info=\u00bb{%22gcid-primary-color%22:%91%22button_bg_color%22%93}\u00bb sticky_enabled=\u00bb0&#8243;][\/et_pb_button][\/et_pb_column][\/et_pb_row][\/et_pb_section][et_pb_section fb_built=\u00bb1&#8243; _builder_version=\u00bb4.27.4&#8243; _module_preset=\u00bbdefault\u00bb background_color=\u00bbgcid-aa8ab6bb-6aae-4545-8323-e9f7c570e8d7&#8243; global_colors_info=\u00bb{%22gcid-aa8ab6bb-6aae-4545-8323-e9f7c570e8d7%22:%91%22background_color%22%93}\u00bb][et_pb_row _builder_version=\u00bb4.27.4&#8243; _module_preset=\u00bbdefault\u00bb global_colors_info=\u00bb{}\u00bb][et_pb_column type=\u00bb4_4&#8243; _builder_version=\u00bb4.27.4&#8243; _module_preset=\u00bbdefault\u00bb global_colors_info=\u00bb{}\u00bb][et_pb_text _builder_version=\u00bb4.27.4&#8243; _module_preset=\u00bbdefault\u00bb header_font_size=\u00bb99px\u00bb global_colors_info=\u00bb{}\u00bb]<\/p>\n<h1>03.<\/h1>\n<p>[\/et_pb_text][\/et_pb_column][\/et_pb_row][\/et_pb_section][et_pb_section fb_built=\u00bb1&#8243; theme_builder_area=\u00bbpost_content\u00bb _builder_version=\u00bb4.27.4&#8243; _module_preset=\u00bbdefault\u00bb][et_pb_row _builder_version=\u00bb4.27.4&#8243; _module_preset=\u00bbdefault\u00bb theme_builder_area=\u00bbpost_content\u00bb][et_pb_column _builder_version=\u00bb4.27.4&#8243; _module_preset=\u00bbdefault\u00bb type=\u00bb4_4&#8243; theme_builder_area=\u00bbpost_content\u00bb][et_pb_image src=\u00bbhttps:\/\/www.etxalar.eus\/wp-content\/uploads\/2025\/07\/EGUZKI-PLAKAK-kartela.jpg\u00bb _builder_version=\u00bb4.27.4&#8243; _module_preset=\u00bbdefault\u00bb theme_builder_area=\u00bbpost_content\u00bb title_text=\u00bbEGUZKI PLAKAK kartela\u00bb align=\u00bbcenter\u00bb hover_enabled=\u00bb0&#8243; sticky_enabled=\u00bb0&#8243;][\/et_pb_image][\/et_pb_column][\/et_pb_row][et_pb_row column_structure=\u00bb1_2,1_2&#8243; _builder_version=\u00bb4.24.0&#8243; _module_preset=\u00bbdefault\u00bb global_colors_info=\u00bb{}\u00bb theme_builder_area=\u00bbpost_content\u00bb][et_pb_column type=\u00bb1_2&#8243; _builder_version=\u00bb4.24.0&#8243; _module_preset=\u00bbdefault\u00bb global_colors_info=\u00bb{}\u00bb theme_builder_area=\u00bbpost_content\u00bb][et_pb_button button_url=\u00bbhttps:\/\/www.etxalar.eus\/wp-content\/uploads\/2025\/07\/2025-6-13-Resolucion-11a-concesion-autoconsumo_178E-2025_CSV.pdf\u00bb url_new_window=\u00bbon\u00bb button_text=\u00bbNotificaci\u00f3n de resoluci\u00f3n\u00bb button_alignment=\u00bbcenter\u00bb _builder_version=\u00bb4.27.4&#8243; _module_preset=\u00bbdefault\u00bb custom_button=\u00bbon\u00bb button_text_color=\u00bb#FFFFFF\u00bb button_bg_color=\u00bbgcid-primary-color\u00bb button_border_width=\u00bb0px\u00bb button_border_color=\u00bb#B44C37&#8243; button_border_radius=\u00bb38px\u00bb button_font=\u00bb|700|||||||\u00bb button_icon=\u00bb&#xe092;||divi||400&#8243; button_icon_color=\u00bb#FFFFFF\u00bb button_icon_placement=\u00bbleft\u00bb button_on_hover=\u00bboff\u00bb hover_enabled=\u00bb0&#8243; global_colors_info=\u00bb{%22gcid-primary-color%22:%91%22button_bg_color%22%93}\u00bb theme_builder_area=\u00bbpost_content\u00bb sticky_enabled=\u00bb0&#8243;][\/et_pb_button][\/et_pb_column][et_pb_column type=\u00bb1_2&#8243; _builder_version=\u00bb4.24.0&#8243; _module_preset=\u00bbdefault\u00bb global_colors_info=\u00bb{}\u00bb theme_builder_area=\u00bbpost_content\u00bb][et_pb_button button_url=\u00bbhttps:\/\/www.etxalar.eus\/wp-content\/uploads\/2025\/07\/behin-betiko-proiekto-teknikoa-proyecto-tecnico-definitivo.pdf\u00bb url_new_window=\u00bbon\u00bb button_text=\u00bbMemoria del proyecto\u00bb button_alignment=\u00bbcenter\u00bb _builder_version=\u00bb4.27.4&#8243; _module_preset=\u00bbdefault\u00bb custom_button=\u00bbon\u00bb button_text_color=\u00bb#FFFFFF\u00bb button_bg_color=\u00bbgcid-primary-color\u00bb button_border_width=\u00bb0px\u00bb button_border_color=\u00bb#B44C37&#8243; button_border_radius=\u00bb38px\u00bb button_font=\u00bb|700|||||||\u00bb button_icon=\u00bb&#xe092;||divi||400&#8243; button_icon_color=\u00bb#FFFFFF\u00bb button_icon_placement=\u00bbleft\u00bb button_on_hover=\u00bboff\u00bb hover_enabled=\u00bb0&#8243; global_colors_info=\u00bb{%22gcid-primary-color%22:%91%22button_bg_color%22%93}\u00bb theme_builder_area=\u00bbpost_content\u00bb sticky_enabled=\u00bb0&#8243;][\/et_pb_button][\/et_pb_column][\/et_pb_row][\/et_pb_section]<\/p>\n","protected":false},"excerpt":{"rendered":"<p>Financiaci\u00f3n Fondos EuropeosFONDOS NEXT GENERATION EU EN EL MARCO DEL PLAN DE RECUPERACI\u00d3N, TRANSFORMACI\u00d3N Y RESILIENCIA (PRTR)Canal Denuncias AntifraudeSi desea denunciar hechos que puedan ser constitutivos de fraude o irregularidad [&hellip;]<\/p>\n","protected":false},"author":9,"featured_media":0,"parent":0,"menu_order":0,"comment_status":"closed","ping_status":"closed","template":"","meta":{"_et_pb_use_builder":"on","_et_pb_old_content":"","_et_gb_content_width":"","footnotes":""},"class_list":["post-264690","page","type-page","status-publish","hentry"],"_links":{"self":[{"href":"https:\/\/www.etxalar.eus\/es\/wp-json\/wp\/v2\/pages\/264690","targetHints":{"allow":["GET"]}}],"collection":[{"href":"https:\/\/www.etxalar.eus\/es\/wp-json\/wp\/v2\/pages"}],"about":[{"href":"https:\/\/www.etxalar.eus\/es\/wp-json\/wp\/v2\/types\/page"}],"author":[{"embeddable":true,"href":"https:\/\/www.etxalar.eus\/es\/wp-json\/wp\/v2\/users\/9"}],"replies":[{"embeddable":true,"href":"https:\/\/www.etxalar.eus\/es\/wp-json\/wp\/v2\/comments?post=264690"}],"version-history":[{"count":16,"href":"https:\/\/www.etxalar.eus\/es\/wp-json\/wp\/v2\/pages\/264690\/revisions"}],"predecessor-version":[{"id":397964,"href":"https:\/\/www.etxalar.eus\/es\/wp-json\/wp\/v2\/pages\/264690\/revisions\/397964"}],"wp:attachment":[{"href":"https:\/\/www.etxalar.eus\/es\/wp-json\/wp\/v2\/media?parent=264690"}],"curies":[{"name":"wp","href":"https:\/\/api.w.org\/{rel}","templated":true}]}}